{"id":76,"date":"2025-03-30T11:54:16","date_gmt":"2025-03-30T15:54:16","guid":{"rendered":"https:\/\/colegioarubano.aw\/wordpress\/?page_id=76"},"modified":"2025-03-30T11:54:17","modified_gmt":"2025-03-30T15:54:17","slug":"ouderbijdrage","status":"publish","type":"page","link":"https:\/\/colegioarubano.aw\/wordpress\/ouderbijdrage\/","title":{"rendered":"Ouderbijdrage"},"content":{"rendered":" <p><strong>Ouderbijdrage<\/strong><br>Voor verschillende activiteiten, waarvoor de school geen subsidie krijgt, vraagt Colegio Arubano aan alle ouders een bijdrage. Deze bedraagt tweehonderdenvijftig (250) florin. Het bedrag is voor alle leerjaren gelijk. Van deze jaarlijkse ouderbijdragen wordt een deel van de kosten gedekt die niet gesubsidieerd worden.<\/p>    <p>In november van het lopende schooljaar ontvangt elke ouder twee rekeningen: \u00e9\u00e9n voor de ouderbijdrage en \u00e9\u00e9n voor het boekenfonds. Beide rekeningen moeten betaald zijn voor 1 februari van het betreffende schooljaar. Als de betaling problemen oplevert, moet contact worden opgenomen met de financi\u00eble afdeling van SVOA voor een betalingsregeling.<\/p>    <p><strong>Sociaal Fonds Colegio Arubano<\/strong><br>Alle leerlingen van Colegio Arubano zijn gelijkwaardig en hebben recht op dezelfde kwaliteit onderwijs. Ook leerlingen met een problematische financi\u00eble thuissituatie hebben hier recht op, maar soms zijn er financi\u00eble redenen waardoor een leerling geen boeken heeft of niet kan deelnemen aan een activiteit. Om deze leerlingen te kunnen helpen is het Sociaal Fonds Colegio Arubano opgericht. Voor meer informatie klik <a href=\"..\/stichting-sociaal-fonds-colegio-arubano\/\">hier<\/a><\/p>    <p><strong>Schoolverzekering<\/strong><br>Colegio Arubano gaat ervan uit dat uw kind via de A.Z.V. verzekerd is tegen ziektekosten en raad de leerlingen aan hun zorgpas bij zich te dragen. Soms echter is de school aansprakelijk voor schade of letsel veroorzaakt door personen of gebeurtenissen. De school heeft een verzekering afgesloten tegen ongevallen die plaatsvinden op het schoolterrein tijdens schooltijd of bij schoolactiviteiten buiten de normale schooltijden. Deze verzekering dekt uitsluitend ongevallen waarvoor de school aansprakelijk kan worden gesteld.<\/p>    <p><strong>WA verzekering<\/strong><br>De school is niet aansprakelijk voor schade of letsel veroorzaakt door (mede)leerlingen. De wet legt de verantwoordelijkheid daarvoor niet bij de school, maar \u2013 afhankelijk van de leeftijd \u2013 bij de leerling zelf of bij de ouder(s)\/wettelijke vertegenwoordiger(s). Deze kunnen zich daartegen particulier verzekeren. Wij raden u daarom aan om voor uw kind(eren) een ongevallen of WA-verzekering (wettelijke aansprakelijkheid) af te sluiten.<\/p> ","protected":false},"excerpt":{"rendered":"<p>OuderbijdrageVoor verschillende activiteiten, waarvoor de school geen subsidie krijgt, vraagt Colegio Arubano aan alle ouders een bijdrage. Deze bedraagt tweehonderdenvijftig &hellip; <\/p>\n","protected":false},"author":1,"featured_media":0,"parent":0,"menu_order":0,"comment_status":"closed","ping_status":"closed","template":"","meta":{"footnotes":""},"class_list":["post-76","page","type-page","status-publish","hentry"],"_links":{"self":[{"href":"https:\/\/colegioarubano.aw\/wordpress\/wp-json\/wp\/v2\/pages\/76","targetHints":{"allow":["GET"]}}],"collection":[{"href":"https:\/\/colegioarubano.aw\/wordpress\/wp-json\/wp\/v2\/pages"}],"about":[{"href":"https:\/\/colegioarubano.aw\/wordpress\/wp-json\/wp\/v2\/types\/page"}],"author":[{"embeddable":true,"href":"https:\/\/colegioarubano.aw\/wordpress\/wp-json\/wp\/v2\/users\/1"}],"replies":[{"embeddable":true,"href":"https:\/\/colegioarubano.aw\/wordpress\/wp-json\/wp\/v2\/comments?post=76"}],"version-history":[{"count":1,"href":"https:\/\/colegioarubano.aw\/wordpress\/wp-json\/wp\/v2\/pages\/76\/revisions"}],"predecessor-version":[{"id":77,"href":"https:\/\/colegioarubano.aw\/wordpress\/wp-json\/wp\/v2\/pages\/76\/revisions\/77"}],"wp:attachment":[{"href":"https:\/\/colegioarubano.aw\/wordpress\/wp-json\/wp\/v2\/media?parent=76"}],"curies":[{"name":"wp","href":"https:\/\/api.w.org\/{rel}","templated":true}]}}